{"id":14072,"date":"2026-03-20T03:15:02","date_gmt":"2026-03-20T03:15:02","guid":{"rendered":"https:\/\/sellplatform.shop\/?post_type=product&#038;p=14072"},"modified":"2026-03-20T03:23:43","modified_gmt":"2026-03-20T03:23:43","slug":"mawiron-geeignet-fur-makita-malwerkzeuge-1000ml-groses-fassungsvermogen-ausgestattet-mit-3-dusen-geeignet-fur-decken-zaunrenovierungen-mobelrenovierungen-geeignet-fur-alle-farben","status":"publish","type":"product","link":"https:\/\/sellplatform.shop\/de\/produkt\/mawiron-geeignet-fur-makita-malwerkzeuge-1000ml-groses-fassungsvermogen-ausgestattet-mit-3-dusen-geeignet-fur-decken-zaunrenovierungen-mobelrenovierungen-geeignet-fur-alle-farben\/","title":{"rendered":"MAWIRON Geeignet f\u00fcr Makita Malwerkzeuge 1000ml gro\u00dfes Fassungsverm\u00f6gen Ausgestattet mit 3 D\u00fcsen Geeignet f\u00fcr Decken, Zaunrenovierungen, M\u00f6belrenovierungen Geeignet f\u00fcr alle Farben"},"content":{"rendered":"<div data-elementor-type=\"product-post\" data-elementor-id=\"14072\" class=\"elementor elementor-14072\" data-elementor-post-type=\"product\">\n\t\t\t\t<div class=\"elementor-element elementor-element-35e2cde1 e-flex e-con-boxed e-con e-parent\" data-id=\"35e2cde1\" data-element_type=\"container\" data-settings=\"{&quot;ekit_has_onepagescroll_dot&quot;:&quot;yes&quot;}\">\n\t\t\t\t\t<div class=\"e-con-inner\">\n\t\t\t\t<div class=\"elementor-element elementor-element-650eb460 elementor-widget elementor-widget-text-editor\" data-id=\"650eb460\" data-element_type=\"widget\" data-settings=\"{&quot;ekit_we_effect_on&quot;:&quot;none&quot;}\" data-widget_type=\"text-editor.default\">\n\t\t\t\t<div class=\"elementor-widget-container\">\n\t\t\t\t\t\t\t\t\t<hr class=\"bucketDivider\" noshade=\"noshade\" size=\"1\" \/><h2>Produktinformation<\/h2>\t\t\t\t\t\t\t\t<\/div>\n\t\t\t\t<\/div>\n\t\t\t\t<div class=\"elementor-element elementor-element-18b61102 elementor-widget elementor-widget-image\" data-id=\"18b61102\" data-element_type=\"widget\" data-settings=\"{&quot;ekit_we_effect_on&quot;:&quot;none&quot;}\" data-widget_type=\"image.default\">\n\t\t\t\t<div class=\"elementor-widget-container\">\n\t\t\t\t\t\t\t\t\t\t\t\t\t\t\t<img loading=\"lazy\" decoding=\"async\" width=\"800\" height=\"787\" src=\"https:\/\/sellplatform.shop\/wp-content\/uploads\/2026\/03\/z-28.jpg\" class=\"attachment-full size-full wp-image-14081 wvs-archive-product-image\" alt=\"\" srcset=\"https:\/\/sellplatform.shop\/wp-content\/uploads\/2026\/03\/z-28.jpg 800w, https:\/\/sellplatform.shop\/wp-content\/uploads\/2026\/03\/z-28-300x295.jpg 300w, https:\/\/sellplatform.shop\/wp-content\/uploads\/2026\/03\/z-28-768x756.jpg 768w, https:\/\/sellplatform.shop\/wp-content\/uploads\/2026\/03\/z-28-12x12.jpg 12w, https:\/\/sellplatform.shop\/wp-content\/uploads\/2026\/03\/z-28-600x590.jpg 600w, https:\/\/sellplatform.shop\/wp-content\/uploads\/2026\/03\/z-28-50x50.jpg 50w, https:\/\/sellplatform.shop\/wp-content\/uploads\/2026\/03\/z-28-1x1.jpg 1w, https:\/\/sellplatform.shop\/wp-content\/uploads\/2026\/03\/z-28-10x10.jpg 10w\" sizes=\"auto, (max-width: 800px) 100vw, 800px\" \/>\t\t\t\t\t\t\t\t\t\t\t\t\t\t\t<\/div>\n\t\t\t\t<\/div>\n\t\t\t\t<div class=\"elementor-element elementor-element-726b7755 elementor-widget elementor-widget-image\" data-id=\"726b7755\" data-element_type=\"widget\" data-settings=\"{&quot;ekit_we_effect_on&quot;:&quot;none&quot;}\" data-widget_type=\"image.default\">\n\t\t\t\t<div class=\"elementor-widget-container\">\n\t\t\t\t\t\t\t\t\t\t\t\t\t\t\t<img loading=\"lazy\" decoding=\"async\" width=\"800\" height=\"800\" src=\"https:\/\/sellplatform.shop\/wp-content\/uploads\/2026\/03\/Sce4b0782c95840acb07a1def1ed3ce08A_\u526f\u672c.jpg\" class=\"attachment-full size-full wp-image-14082 wvs-archive-product-image\" alt=\"\" srcset=\"https:\/\/sellplatform.shop\/wp-content\/uploads\/2026\/03\/Sce4b0782c95840acb07a1def1ed3ce08A_\u526f\u672c.jpg 800w, https:\/\/sellplatform.shop\/wp-content\/uploads\/2026\/03\/Sce4b0782c95840acb07a1def1ed3ce08A_\u526f\u672c-300x300.jpg 300w, https:\/\/sellplatform.shop\/wp-content\/uploads\/2026\/03\/Sce4b0782c95840acb07a1def1ed3ce08A_\u526f\u672c-150x150.jpg 150w, https:\/\/sellplatform.shop\/wp-content\/uploads\/2026\/03\/Sce4b0782c95840acb07a1def1ed3ce08A_\u526f\u672c-768x768.jpg 768w, https:\/\/sellplatform.shop\/wp-content\/uploads\/2026\/03\/Sce4b0782c95840acb07a1def1ed3ce08A_\u526f\u672c-12x12.jpg 12w, https:\/\/sellplatform.shop\/wp-content\/uploads\/2026\/03\/Sce4b0782c95840acb07a1def1ed3ce08A_\u526f\u672c-600x600.jpg 600w, https:\/\/sellplatform.shop\/wp-content\/uploads\/2026\/03\/Sce4b0782c95840acb07a1def1ed3ce08A_\u526f\u672c-100x100.jpg 100w, https:\/\/sellplatform.shop\/wp-content\/uploads\/2026\/03\/Sce4b0782c95840acb07a1def1ed3ce08A_\u526f\u672c-50x50.jpg 50w, https:\/\/sellplatform.shop\/wp-content\/uploads\/2026\/03\/Sce4b0782c95840acb07a1def1ed3ce08A_\u526f\u672c-1x1.jpg 1w, https:\/\/sellplatform.shop\/wp-content\/uploads\/2026\/03\/Sce4b0782c95840acb07a1def1ed3ce08A_\u526f\u672c-10x10.jpg 10w\" sizes=\"auto, (max-width: 800px) 100vw, 800px\" \/>\t\t\t\t\t\t\t\t\t\t\t\t\t\t\t<\/div>\n\t\t\t\t<\/div>\n\t\t\t\t<div class=\"elementor-element elementor-element-4da0209b elementor-widget elementor-widget-image\" data-id=\"4da0209b\" data-element_type=\"widget\" data-settings=\"{&quot;ekit_we_effect_on&quot;:&quot;none&quot;}\" data-widget_type=\"image.default\">\n\t\t\t\t<div class=\"elementor-widget-container\">\n\t\t\t\t\t\t\t\t\t\t\t\t\t\t\t<img loading=\"lazy\" decoding=\"async\" width=\"800\" height=\"800\" src=\"https:\/\/sellplatform.shop\/wp-content\/uploads\/2026\/03\/Se22215c903a5439286f17266bff563f8v_\u526f\u672c.jpg\" class=\"attachment-full size-full wp-image-14083 wvs-archive-product-image\" alt=\"\" srcset=\"https:\/\/sellplatform.shop\/wp-content\/uploads\/2026\/03\/Se22215c903a5439286f17266bff563f8v_\u526f\u672c.jpg 800w, https:\/\/sellplatform.shop\/wp-content\/uploads\/2026\/03\/Se22215c903a5439286f17266bff563f8v_\u526f\u672c-300x300.jpg 300w, https:\/\/sellplatform.shop\/wp-content\/uploads\/2026\/03\/Se22215c903a5439286f17266bff563f8v_\u526f\u672c-150x150.jpg 150w, https:\/\/sellplatform.shop\/wp-content\/uploads\/2026\/03\/Se22215c903a5439286f17266bff563f8v_\u526f\u672c-768x768.jpg 768w, https:\/\/sellplatform.shop\/wp-content\/uploads\/2026\/03\/Se22215c903a5439286f17266bff563f8v_\u526f\u672c-12x12.jpg 12w, https:\/\/sellplatform.shop\/wp-content\/uploads\/2026\/03\/Se22215c903a5439286f17266bff563f8v_\u526f\u672c-600x600.jpg 600w, https:\/\/sellplatform.shop\/wp-content\/uploads\/2026\/03\/Se22215c903a5439286f17266bff563f8v_\u526f\u672c-100x100.jpg 100w, https:\/\/sellplatform.shop\/wp-content\/uploads\/2026\/03\/Se22215c903a5439286f17266bff563f8v_\u526f\u672c-50x50.jpg 50w, https:\/\/sellplatform.shop\/wp-content\/uploads\/2026\/03\/Se22215c903a5439286f17266bff563f8v_\u526f\u672c-1x1.jpg 1w, https:\/\/sellplatform.shop\/wp-content\/uploads\/2026\/03\/Se22215c903a5439286f17266bff563f8v_\u526f\u672c-10x10.jpg 10w\" sizes=\"auto, (max-width: 800px) 100vw, 800px\" \/>\t\t\t\t\t\t\t\t\t\t\t\t\t\t\t<\/div>\n\t\t\t\t<\/div>\n\t\t\t\t<div class=\"elementor-element elementor-element-523108d3 elementor-widget elementor-widget-image\" data-id=\"523108d3\" data-element_type=\"widget\" data-settings=\"{&quot;ekit_we_effect_on&quot;:&quot;none&quot;}\" data-widget_type=\"image.default\">\n\t\t\t\t<div class=\"elementor-widget-container\">\n\t\t\t\t\t\t\t\t\t\t\t\t\t\t\t<img loading=\"lazy\" decoding=\"async\" width=\"970\" height=\"600\" src=\"https:\/\/sellplatform.shop\/wp-content\/uploads\/2026\/03\/f632ba9c-b09c-4c5b-ad7f-ca1d5822a665.__CR00970600_PT0_SX970_V1___.jpg\" class=\"attachment-full size-full wp-image-14084 wvs-archive-product-image\" alt=\"\" srcset=\"https:\/\/sellplatform.shop\/wp-content\/uploads\/2026\/03\/f632ba9c-b09c-4c5b-ad7f-ca1d5822a665.__CR00970600_PT0_SX970_V1___.jpg 970w, https:\/\/sellplatform.shop\/wp-content\/uploads\/2026\/03\/f632ba9c-b09c-4c5b-ad7f-ca1d5822a665.__CR00970600_PT0_SX970_V1___-300x186.jpg 300w, https:\/\/sellplatform.shop\/wp-content\/uploads\/2026\/03\/f632ba9c-b09c-4c5b-ad7f-ca1d5822a665.__CR00970600_PT0_SX970_V1___-768x475.jpg 768w, https:\/\/sellplatform.shop\/wp-content\/uploads\/2026\/03\/f632ba9c-b09c-4c5b-ad7f-ca1d5822a665.__CR00970600_PT0_SX970_V1___-18x12.jpg 18w, https:\/\/sellplatform.shop\/wp-content\/uploads\/2026\/03\/f632ba9c-b09c-4c5b-ad7f-ca1d5822a665.__CR00970600_PT0_SX970_V1___-600x371.jpg 600w, https:\/\/sellplatform.shop\/wp-content\/uploads\/2026\/03\/f632ba9c-b09c-4c5b-ad7f-ca1d5822a665.__CR00970600_PT0_SX970_V1___-1x1.jpg 1w, https:\/\/sellplatform.shop\/wp-content\/uploads\/2026\/03\/f632ba9c-b09c-4c5b-ad7f-ca1d5822a665.__CR00970600_PT0_SX970_V1___-10x6.jpg 10w\" sizes=\"auto, (max-width: 970px) 100vw, 970px\" \/>\t\t\t\t\t\t\t\t\t\t\t\t\t\t\t<\/div>\n\t\t\t\t<\/div>\n\t\t\t\t<div class=\"elementor-element elementor-element-478d445f elementor-widget elementor-widget-image\" data-id=\"478d445f\" data-element_type=\"widget\" data-settings=\"{&quot;ekit_we_effect_on&quot;:&quot;none&quot;}\" data-widget_type=\"image.default\">\n\t\t\t\t<div class=\"elementor-widget-container\">\n\t\t\t\t\t\t\t\t\t\t\t\t\t\t\t<img loading=\"lazy\" decoding=\"async\" width=\"970\" height=\"600\" src=\"https:\/\/sellplatform.shop\/wp-content\/uploads\/2026\/03\/e373e75f-8596-47b9-9bce-c521193729aa.__CR00970600_PT0_SX970_V1___.jpg\" class=\"attachment-full size-full wp-image-14085 wvs-archive-product-image\" alt=\"\" srcset=\"https:\/\/sellplatform.shop\/wp-content\/uploads\/2026\/03\/e373e75f-8596-47b9-9bce-c521193729aa.__CR00970600_PT0_SX970_V1___.jpg 970w, https:\/\/sellplatform.shop\/wp-content\/uploads\/2026\/03\/e373e75f-8596-47b9-9bce-c521193729aa.__CR00970600_PT0_SX970_V1___-300x186.jpg 300w, https:\/\/sellplatform.shop\/wp-content\/uploads\/2026\/03\/e373e75f-8596-47b9-9bce-c521193729aa.__CR00970600_PT0_SX970_V1___-768x475.jpg 768w, https:\/\/sellplatform.shop\/wp-content\/uploads\/2026\/03\/e373e75f-8596-47b9-9bce-c521193729aa.__CR00970600_PT0_SX970_V1___-18x12.jpg 18w, https:\/\/sellplatform.shop\/wp-content\/uploads\/2026\/03\/e373e75f-8596-47b9-9bce-c521193729aa.__CR00970600_PT0_SX970_V1___-600x371.jpg 600w, https:\/\/sellplatform.shop\/wp-content\/uploads\/2026\/03\/e373e75f-8596-47b9-9bce-c521193729aa.__CR00970600_PT0_SX970_V1___-1x1.jpg 1w, https:\/\/sellplatform.shop\/wp-content\/uploads\/2026\/03\/e373e75f-8596-47b9-9bce-c521193729aa.__CR00970600_PT0_SX970_V1___-10x6.jpg 10w\" sizes=\"auto, (max-width: 970px) 100vw, 970px\" \/>\t\t\t\t\t\t\t\t\t\t\t\t\t\t\t<\/div>\n\t\t\t\t<\/div>\n\t\t\t\t<div class=\"elementor-element elementor-element-71ee0639 elementor-widget elementor-widget-image\" data-id=\"71ee0639\" data-element_type=\"widget\" data-settings=\"{&quot;ekit_we_effect_on&quot;:&quot;none&quot;}\" data-widget_type=\"image.default\">\n\t\t\t\t<div class=\"elementor-widget-container\">\n\t\t\t\t\t\t\t\t\t\t\t\t\t\t\t<img loading=\"lazy\" decoding=\"async\" width=\"970\" height=\"600\" src=\"https:\/\/sellplatform.shop\/wp-content\/uploads\/2026\/03\/b116d73a-e3be-4a23-b251-bfd051e2b417.__CR00970600_PT0_SX970_V1___.jpg\" class=\"attachment-full size-full wp-image-14086 wvs-archive-product-image\" alt=\"\" srcset=\"https:\/\/sellplatform.shop\/wp-content\/uploads\/2026\/03\/b116d73a-e3be-4a23-b251-bfd051e2b417.__CR00970600_PT0_SX970_V1___.jpg 970w, https:\/\/sellplatform.shop\/wp-content\/uploads\/2026\/03\/b116d73a-e3be-4a23-b251-bfd051e2b417.__CR00970600_PT0_SX970_V1___-300x186.jpg 300w, https:\/\/sellplatform.shop\/wp-content\/uploads\/2026\/03\/b116d73a-e3be-4a23-b251-bfd051e2b417.__CR00970600_PT0_SX970_V1___-768x475.jpg 768w, https:\/\/sellplatform.shop\/wp-content\/uploads\/2026\/03\/b116d73a-e3be-4a23-b251-bfd051e2b417.__CR00970600_PT0_SX970_V1___-18x12.jpg 18w, https:\/\/sellplatform.shop\/wp-content\/uploads\/2026\/03\/b116d73a-e3be-4a23-b251-bfd051e2b417.__CR00970600_PT0_SX970_V1___-600x371.jpg 600w, https:\/\/sellplatform.shop\/wp-content\/uploads\/2026\/03\/b116d73a-e3be-4a23-b251-bfd051e2b417.__CR00970600_PT0_SX970_V1___-1x1.jpg 1w, https:\/\/sellplatform.shop\/wp-content\/uploads\/2026\/03\/b116d73a-e3be-4a23-b251-bfd051e2b417.__CR00970600_PT0_SX970_V1___-10x6.jpg 10w\" sizes=\"auto, (max-width: 970px) 100vw, 970px\" \/>\t\t\t\t\t\t\t\t\t\t\t\t\t\t\t<\/div>\n\t\t\t\t<\/div>\n\t\t\t\t<div class=\"elementor-element elementor-element-60c31217 elementor-widget elementor-widget-image\" data-id=\"60c31217\" data-element_type=\"widget\" data-settings=\"{&quot;ekit_we_effect_on&quot;:&quot;none&quot;}\" data-widget_type=\"image.default\">\n\t\t\t\t<div class=\"elementor-widget-container\">\n\t\t\t\t\t\t\t\t\t\t\t\t\t\t\t<img loading=\"lazy\" decoding=\"async\" width=\"970\" height=\"600\" src=\"https:\/\/sellplatform.shop\/wp-content\/uploads\/2026\/03\/17733bc5-9f76-476c-bac3-68e4d399ba45.__CR00970600_PT0_SX970_V1___.jpg\" class=\"attachment-full size-full wp-image-14087 wvs-archive-product-image\" alt=\"\" srcset=\"https:\/\/sellplatform.shop\/wp-content\/uploads\/2026\/03\/17733bc5-9f76-476c-bac3-68e4d399ba45.__CR00970600_PT0_SX970_V1___.jpg 970w, https:\/\/sellplatform.shop\/wp-content\/uploads\/2026\/03\/17733bc5-9f76-476c-bac3-68e4d399ba45.__CR00970600_PT0_SX970_V1___-300x186.jpg 300w, https:\/\/sellplatform.shop\/wp-content\/uploads\/2026\/03\/17733bc5-9f76-476c-bac3-68e4d399ba45.__CR00970600_PT0_SX970_V1___-768x475.jpg 768w, https:\/\/sellplatform.shop\/wp-content\/uploads\/2026\/03\/17733bc5-9f76-476c-bac3-68e4d399ba45.__CR00970600_PT0_SX970_V1___-18x12.jpg 18w, https:\/\/sellplatform.shop\/wp-content\/uploads\/2026\/03\/17733bc5-9f76-476c-bac3-68e4d399ba45.__CR00970600_PT0_SX970_V1___-600x371.jpg 600w, https:\/\/sellplatform.shop\/wp-content\/uploads\/2026\/03\/17733bc5-9f76-476c-bac3-68e4d399ba45.__CR00970600_PT0_SX970_V1___-1x1.jpg 1w, https:\/\/sellplatform.shop\/wp-content\/uploads\/2026\/03\/17733bc5-9f76-476c-bac3-68e4d399ba45.__CR00970600_PT0_SX970_V1___-10x6.jpg 10w\" sizes=\"auto, (max-width: 970px) 100vw, 970px\" \/>\t\t\t\t\t\t\t\t\t\t\t\t\t\t\t<\/div>\n\t\t\t\t<\/div>\n\t\t\t\t<div class=\"elementor-element elementor-element-83d687a elementor-widget elementor-widget-image\" data-id=\"83d687a\" data-element_type=\"widget\" data-settings=\"{&quot;ekit_we_effect_on&quot;:&quot;none&quot;}\" data-widget_type=\"image.default\">\n\t\t\t\t<div class=\"elementor-widget-container\">\n\t\t\t\t\t\t\t\t\t\t\t\t\t\t\t<img loading=\"lazy\" decoding=\"async\" width=\"970\" height=\"600\" src=\"https:\/\/sellplatform.shop\/wp-content\/uploads\/2026\/03\/6f306a5d-3338-4fa8-9632-ca8ffd863153.__CR00970600_PT0_SX970_V1___.jpg\" class=\"attachment-full size-full wp-image-14088 wvs-archive-product-image\" alt=\"\" srcset=\"https:\/\/sellplatform.shop\/wp-content\/uploads\/2026\/03\/6f306a5d-3338-4fa8-9632-ca8ffd863153.__CR00970600_PT0_SX970_V1___.jpg 970w, https:\/\/sellplatform.shop\/wp-content\/uploads\/2026\/03\/6f306a5d-3338-4fa8-9632-ca8ffd863153.__CR00970600_PT0_SX970_V1___-300x186.jpg 300w, https:\/\/sellplatform.shop\/wp-content\/uploads\/2026\/03\/6f306a5d-3338-4fa8-9632-ca8ffd863153.__CR00970600_PT0_SX970_V1___-768x475.jpg 768w, https:\/\/sellplatform.shop\/wp-content\/uploads\/2026\/03\/6f306a5d-3338-4fa8-9632-ca8ffd863153.__CR00970600_PT0_SX970_V1___-18x12.jpg 18w, https:\/\/sellplatform.shop\/wp-content\/uploads\/2026\/03\/6f306a5d-3338-4fa8-9632-ca8ffd863153.__CR00970600_PT0_SX970_V1___-600x371.jpg 600w, https:\/\/sellplatform.shop\/wp-content\/uploads\/2026\/03\/6f306a5d-3338-4fa8-9632-ca8ffd863153.__CR00970600_PT0_SX970_V1___-1x1.jpg 1w, https:\/\/sellplatform.shop\/wp-content\/uploads\/2026\/03\/6f306a5d-3338-4fa8-9632-ca8ffd863153.__CR00970600_PT0_SX970_V1___-10x6.jpg 10w\" sizes=\"auto, (max-width: 970px) 100vw, 970px\" \/>\t\t\t\t\t\t\t\t\t\t\t\t\t\t\t<\/div>\n\t\t\t\t<\/div>\n\t\t\t\t<div class=\"elementor-element elementor-element-4468411f elementor-widget elementor-widget-text-editor\" data-id=\"4468411f\" data-element_type=\"widget\" data-settings=\"{&quot;ekit_we_effect_on&quot;:&quot;none&quot;}\" data-widget_type=\"text-editor.default\">\n\t\t\t\t<div class=\"elementor-widget-container\">\n\t\t\t\t\t\t\t\t\t<!DOCTYPE html>\n<html lang=\"de\">\n<head>\n    <meta charset=\"UTF-8\">\n    <meta name=\"viewport\" content=\"width=device-width, initial-scale=1.0\">\n    <title>Produktdaten &#8211; Farbspr\u00fchsystem<\/title>\n    <style>\n        * {\n            margin: 0;\n            padding: 0;\n            box-sizing: border-box;\n            font-family: -apple-system, BlinkMacSystemFont, 'Segoe UI', Roboto, Oxygen, Ubuntu, sans-serif;\n        }\n        \n        body {\n            background-color: #f8fafc;\n            min-height: 100vh;\n        }\n        \n        .specs-container {\n            width: 100%;\n            background: white;\n        }\n        \n        .header {\n            background: linear-gradient(135deg, #1e40af 0%, #3b82f6 100%);\n            color: white;\n            padding: 16px 24px;\n        }\n        \n        .header h2 {\n            font-size: 20px;\n            font-weight: 600;\n            margin-bottom: 4px;\n        }\n        \n        .header p {\n            font-size: 14px;\n            opacity: 0.9;\n        }\n        \n        .specs-grid {\n            display: grid;\n            grid-template-columns: 1fr;\n        }\n        \n        .spec-item {\n            display: flex;\n            min-height: 60px;\n            border-bottom: 1px solid #e2e8f0;\n            transition: background-color 0.2s ease;\n        }\n        \n        .spec-item:hover {\n            background-color: #f8fafc;\n        }\n        \n        .spec-label {\n            width: 40%;\n            padding: 18px 24px;\n            background-color: #f1f5f9;\n            font-weight: 600;\n            color: #334155;\n            display: flex;\n            align-items: center;\n            border-right: 1px solid #e2e8f0;\n        }\n        \n        .spec-value {\n            width: 60%;\n            padding: 18px 24px;\n            color: #475569;\n            display: flex;\n            align-items: center;\n            flex-wrap: wrap;\n        }\n        \n        \/* \u7279\u6b8a\u503c\u6837\u5f0f *\/\n        .badge {\n            display: inline-flex;\n            align-items: center;\n            padding: 6px 14px;\n            border-radius: 20px;\n            font-weight: 500;\n            font-size: 14px;\n            margin: 2px 4px;\n        }\n        \n        .dimension-badge {\n            background: linear-gradient(135deg, #3b82f6, #2563eb);\n            color: white;\n        }\n        \n        .partno-badge {\n            background: linear-gradient(135deg, #10b981, #059669);\n            color: white;\n        }\n        \n        .drive-badge {\n            background: linear-gradient(135deg, #f59e0b, #d97706);\n            color: white;\n        }\n        \n        .manufacturer-badge {\n            background: linear-gradient(135deg, #8b5cf6, #7c3aed);\n            color: white;\n        }\n        \n        .modelno-badge {\n            background: linear-gradient(135deg, #ec4899, #db2777);\n            color: white;\n        }\n        \n        \/* \u5c3a\u5bf8\u7279\u6b8a\u6837\u5f0f *\/\n        .dimension-container {\n            display: flex;\n            align-items: center;\n            gap: 8px;\n        }\n        \n        .dimension-icon {\n            font-size: 18px;\n        }\n        \n        \/* \u54cd\u5e94\u5f0f\u8bbe\u8ba1 *\/\n        @media (max-width: 768px) {\n            .spec-item {\n                flex-direction: column;\n            }\n            \n            .spec-label, .spec-value {\n                width: 100%;\n                padding: 14px 20px;\n            }\n            \n            .spec-label {\n                border-right: none;\n                border-bottom: 1px solid #e2e8f0;\n            }\n            \n            .header {\n                padding: 14px 20px;\n            }\n        }\n        \n        @media (max-width: 480px) {\n            .spec-label, .spec-value {\n                padding: 12px 16px;\n            }\n            \n            .badge {\n                padding: 5px 12px;\n                font-size: 13px;\n            }\n            \n            .header h2 {\n                font-size: 18px;\n            }\n        }\n    <\/style>\n<\/head>\n<body>\n    <div class=\"specs-container\">\n        <div class=\"header\">\n            <h2>Produktdaten<\/h2>\n            <p>Technische Details<\/p>\n        <\/div>\n        \n        <div class=\"specs-grid\">\n            <div class=\"spec-item\">\n                <div class=\"spec-label\">Produktabmessungen<\/div>\n                <div class=\"spec-value\">\n                    <div class=\"dimension-container\">\n                        <span class=\"dimension-icon\">\ud83d\udccf<\/span>\n                        <span class=\"badge dimension-badge\">30 x 30 x 30 cm<\/span>\n                    <\/div>\n                <\/div>\n            <\/div>\n            \n            <div class=\"spec-item\">\n                <div class=\"spec-label\">Teilenummer<\/div>\n                <div class=\"spec-value\">\n                    <span class=\"badge partno-badge\">Farbspr\u00fchsystem<\/span>\n                <\/div>\n            <\/div>\n            \n            <div class=\"spec-item\">\n                <div class=\"spec-label\">Antriebsart<\/div>\n                <div class=\"spec-value\">\n                    <span class=\"badge drive-badge\">Batteriebetrieben<\/span>\n                <\/div>\n            <\/div>\n            \n            <div class=\"spec-item\">\n                <div class=\"spec-label\">Hersteller<\/div>\n                <div class=\"spec-value\">\n                    <span class=\"badge manufacturer-badge\">DcxcPPT<\/span>\n                <\/div>\n            <\/div>\n            \n            <div class=\"spec-item\">\n                <div class=\"spec-label\">Modellnummer<\/div>\n                <div class=\"spec-value\">\n                    <span class=\"badge modelno-badge\">Farbspr\u00fchsystem<\/span>\n                <\/div>\n            <\/div>\n        <\/div>\n    <\/div>\n<\/body>\n<\/html>\t\t\t\t\t\t\t\t<\/div>\n\t\t\t\t<\/div>\n\t\t\t\t\t<\/div>\n\t\t\t\t<\/div>\n\t\t\t\t<\/div>","protected":false},"excerpt":{"rendered":"<p>Produktinformation Produktdaten &#8211; Farbspr\u00fchsystem Produktdaten Technische Details Produktabmessungen \ud83d\udccf 30 x 30 x 30 cm Teilenummer Farbspr\u00fchsystem Antriebsart Batteriebetrieben Hersteller&#8230;<\/p>","protected":false},"featured_media":14073,"comment_status":"open","ping_status":"closed","template":"","meta":{"_acf_changed":false},"etheme_brands":[],"product_brand":[],"product_cat":[118],"product_tag":[],"class_list":{"0":"post-14072","1":"product","2":"type-product","3":"status-publish","4":"has-post-thumbnail","6":"product_cat-sale-shop","8":"first","9":"instock","10":"sale","11":"shipping-taxable","12":"purchasable","13":"product-type-simple"},"acf":[],"_links":{"self":[{"href":"https:\/\/sellplatform.shop\/de\/wp-json\/wp\/v2\/product\/14072","targetHints":{"allow":["GET"]}}],"collection":[{"href":"https:\/\/sellplatform.shop\/de\/wp-json\/wp\/v2\/product"}],"about":[{"href":"https:\/\/sellplatform.shop\/de\/wp-json\/wp\/v2\/types\/product"}],"replies":[{"embeddable":true,"href":"https:\/\/sellplatform.shop\/de\/wp-json\/wp\/v2\/comments?post=14072"}],"version-history":[{"count":4,"href":"https:\/\/sellplatform.shop\/de\/wp-json\/wp\/v2\/product\/14072\/revisions"}],"predecessor-version":[{"id":14096,"href":"https:\/\/sellplatform.shop\/de\/wp-json\/wp\/v2\/product\/14072\/revisions\/14096"}],"wp:featuredmedia":[{"embeddable":true,"href":"https:\/\/sellplatform.shop\/de\/wp-json\/wp\/v2\/media\/14073"}],"wp:attachment":[{"href":"https:\/\/sellplatform.shop\/de\/wp-json\/wp\/v2\/media?parent=14072"}],"wp:term":[{"taxonomy":"brand","embeddable":true,"href":"https:\/\/sellplatform.shop\/de\/wp-json\/wp\/v2\/etheme_brands?post=14072"},{"taxonomy":"product_brand","embeddable":true,"href":"https:\/\/sellplatform.shop\/de\/wp-json\/wp\/v2\/product_brand?post=14072"},{"taxonomy":"product_cat","embeddable":true,"href":"https:\/\/sellplatform.shop\/de\/wp-json\/wp\/v2\/product_cat?post=14072"},{"taxonomy":"product_tag","embeddable":true,"href":"https:\/\/sellplatform.shop\/de\/wp-json\/wp\/v2\/product_tag?post=14072"}],"curies":[{"name":"wp","href":"https:\/\/api.w.org\/{rel}","templated":true}]}}